{"id":3854,"date":"2016-02-16T11:41:47","date_gmt":"2016-02-16T11:41:47","guid":{"rendered":"https:\/\/electro.madrasthemes.com\/my-account\/"},"modified":"2016-02-16T11:41:47","modified_gmt":"2016-02-16T11:41:47","slug":"my-account","status":"publish","type":"page","link":"https:\/\/www.projetopuritano.com\/projetopuritano\/?page_id=3854","title":{"rendered":"My Account"},"content":{"rendered":"<div class=\"woocommerce\">\t\t<div class=\"customer-login-form\">\n\t\t<span class=\"or-text\">or<\/span><div class=\"woocommerce-notices-wrapper\"><\/div>\n\n<div class=\"u-columns col2-set\" id=\"customer_login\">\n\n\t<div class=\"u-column1 col-1\">\n\n\n\t\t<h2>Entrar<\/h2>\n\n\t\t<form class=\"woocommerce-form woocommerce-form-login login\" method=\"post\" novalidate>\n\n\t\t\t\t\t<p class=\"before-login-text\">\n\t\t\tBem vindo de volta! Fa\u00e7a login em sua conta.\t\t<\/p>\n\t\t\t<p class=\"woocommerce-form-row woocommerce-form-row--wide form-row form-row-wide\">\n\t\t\t\t<label for=\"username\">Nome de usu\u00e1rio ou e-mail&nbsp;<span class=\"required\" aria-hidden=\"true\">*<\/span><span class=\"screen-reader-text\">Obrigat\u00f3rio<\/span><\/label>\n\t\t\t\t<input type=\"text\" class=\"woocommerce-Input woocommerce-Input--text input-text\" name=\"username\" id=\"username\" autocomplete=\"username\" value=\"\" required aria-required=\"true\" \/>\t\t\t<\/p>\n\t\t\t<p class=\"woocommerce-form-row woocommerce-form-row--wide form-row form-row-wide\">\n\t\t\t\t<label for=\"password\">Senha&nbsp;<span class=\"required\" aria-hidden=\"true\">*<\/span><span class=\"screen-reader-text\">Obrigat\u00f3rio<\/span><\/label>\n\t\t\t\t<input class=\"woocommerce-Input woocommerce-Input--text input-text\" type=\"password\" name=\"password\" id=\"password\" autocomplete=\"current-password\" required aria-required=\"true\" \/>\n\t\t\t<\/p>\n\n\t\t\t\n\t\t\t<p class=\"form-row\">\n\t\t\t\t<label class=\"woocommerce-form__label woocommerce-form__label-for-checkbox woocommerce-form-login__rememberme\">\n\t\t\t\t\t<input class=\"woocommerce-form__input woocommerce-form__input-checkbox\" name=\"rememberme\" type=\"checkbox\" id=\"rememberme\" value=\"forever\" \/> <span>Lembre-me<\/span>\n\t\t\t\t<\/label>\n\t\t\t\t<input type=\"hidden\" id=\"woocommerce-login-nonce\" name=\"woocommerce-login-nonce\" value=\"ab3b7410ff\" \/><input type=\"hidden\" name=\"_wp_http_referer\" value=\"\/projetopuritano\/index.php?rest_route=%2Fwp%2Fv2%2Fpages%2F3854\" \/>\t\t\t\t<button type=\"submit\" class=\"woocommerce-button button woocommerce-form-login__submit\" name=\"login\" value=\"Acessar\">Acessar<\/button>\n\t\t\t<\/p>\n\t\t\t<p class=\"woocommerce-LostPassword lost_password\">\n\t\t\t\t<a href=\"https:\/\/www.projetopuritano.com\/projetopuritano\/?page_id=3854&#038;lost-password\">Perdeu sua senha?<\/a>\n\t\t\t<\/p>\n\n\t\t\t\n\t\t<\/form>\n\n\n\t<\/div>\n\n\t<div class=\"u-column2 col-2\">\n\n\t\t<h2>Cadastre-se<\/h2>\n\n\t\t<form method=\"post\" class=\"woocommerce-form woocommerce-form-register register\"  >\n\n\t\t\t<p class=\"before-register-text\">\n\t\t\tCrie uma nova conta  para ter os benef\u00edcios de uma experi\u00eancia de compra personalizada.\t\t<\/p>\n\t\t\t\n\t\t\t<p class=\"woocommerce-form-row woocommerce-form-row--wide form-row form-row-wide\">\n\t\t\t\t<label for=\"reg_email\">Endere\u00e7o de e-mail&nbsp;<span class=\"required\" aria-hidden=\"true\">*<\/span><span class=\"screen-reader-text\">Obrigat\u00f3rio<\/span><\/label>\n\t\t\t\t<input type=\"email\" class=\"woocommerce-Input woocommerce-Input--text input-text\" name=\"email\" id=\"reg_email\" autocomplete=\"email\" value=\"\" required aria-required=\"true\" \/>\t\t\t<\/p>\n\n\t\t\t\n\t\t\t\t<p>Um link para definir uma nova senha ser\u00e1 enviado para seu endere\u00e7o de e-mail.<\/p>\n\n\t\t\t\n\t\t\t<wc-order-attribution-inputs><\/wc-order-attribution-inputs><div class=\"woocommerce-privacy-policy-text\"><p>Seus dados pessoais ser\u00e3o usados para aprimorar a sua experi\u00eancia em todo este site, para gerenciar o acesso a sua conta e para outros prop\u00f3sitos, como descritos em nossa <a href=\"https:\/\/www.projetopuritano.com\/projetopuritano\/?page_id=3\" class=\"woocommerce-privacy-policy-link\" target=\"_blank\">pol\u00edtica de privacidade<\/a>.<\/p>\n<\/div>\n\t\t\t<p class=\"woocommerce-form-row form-row\">\n\t\t\t\t<input type=\"hidden\" id=\"woocommerce-register-nonce\" name=\"woocommerce-register-nonce\" value=\"caeff2aaed\" \/><input type=\"hidden\" name=\"_wp_http_referer\" value=\"\/projetopuritano\/index.php?rest_route=%2Fwp%2Fv2%2Fpages%2F3854\" \/>\t\t\t\t<button type=\"submit\" class=\"woocommerce-Button woocommerce-button button woocommerce-form-register__submit\" name=\"register\" value=\"Cadastre-se\">Cadastre-se<\/button>\n\t\t\t<\/p>\n\n\t\t\t<div class=\"register-benefits\">\n\t\t\t<h3>Inscreva-se hoje e voc\u00ea ser\u00e1 capaz de:<\/h3>\t\t\t<ul>\n\t\t\t\t\t\t\t\t<li>Acelere seu processo de finaliza\u00e7\u00e3o da compra<\/li>\n\t\t\t\t\t\t\t\t<li> Acompanhe seus pedidos facilmente<\/li>\n\t\t\t\t\t\t\t\t<li> Mantenha um registro de todas as suas compras<\/li>\n\t\t\t\t\t\t\t<\/ul>\n\t\t<\/div>\n\t\t<\/form>\n\n\t<\/div>\n\n<\/div>\n\n\t\t<\/div><!-- \/.customer-login-form -->\n\t\t<\/div>\n","protected":false},"excerpt":{"rendered":"or Entrar Bem vindo de volta! Fa\u00e7a login em sua conta. Nome de usu\u00e1rio ou e-mail&nbsp;*Obrigat\u00f3rio Senha&nbsp;*Obrigat\u00f3rio Lembre-me Acessar Perdeu sua senha? Cadastre-se Crie uma nova conta para ter os","protected":false},"author":1,"featured_media":0,"parent":0,"menu_order":0,"comment_status":"closed","ping_status":"closed","template":"","meta":{"_acf_changed":false,"footnotes":""},"class_list":["post-3854","page","type-page","status-publish","hentry"],"acf":[],"yoast_head":"<!-- This site is optimized with the Yoast SEO plugin v25.6 - https:\/\/yoast.com\/wordpress\/plugins\/seo\/ -->\n<title>My Account - Projeto Puritano<\/title>\n<meta name=\"robots\" content=\"index, follow, max-snippet:-1, max-image-preview:large, max-video-preview:-1\" \/>\n<link rel=\"canonical\" href=\"https:\/\/www.projetopuritano.com\/projetopuritano\/?page_id=3854\" \/>\n<meta property=\"og:locale\" content=\"pt_BR\" \/>\n<meta property=\"og:type\" content=\"article\" \/>\n<meta property=\"og:title\" content=\"My Account - Projeto Puritano\" \/>\n<meta property=\"og:url\" content=\"https:\/\/www.projetopuritano.com\/projetopuritano\/?page_id=3854\" \/>\n<meta property=\"og:site_name\" content=\"Projeto Puritano\" \/>\n<meta name=\"twitter:card\" content=\"summary_large_image\" \/>\n<script type=\"application\/ld+json\" class=\"yoast-schema-graph\">{\"@context\":\"https:\/\/schema.org\",\"@graph\":[{\"@type\":\"WebPage\",\"@id\":\"https:\/\/www.projetopuritano.com\/projetopuritano\/?page_id=3854\",\"url\":\"https:\/\/www.projetopuritano.com\/projetopuritano\/?page_id=3854\",\"name\":\"My Account - Projeto Puritano\",\"isPartOf\":{\"@id\":\"https:\/\/www.projetopuritano.com\/projetopuritano\/#website\"},\"datePublished\":\"2016-02-16T11:41:47+00:00\",\"breadcrumb\":{\"@id\":\"https:\/\/www.projetopuritano.com\/projetopuritano\/?page_id=3854#breadcrumb\"},\"inLanguage\":\"pt-BR\",\"potentialAction\":[{\"@type\":\"ReadAction\",\"target\":[\"https:\/\/www.projetopuritano.com\/projetopuritano\/?page_id=3854\"]}]},{\"@type\":\"BreadcrumbList\",\"@id\":\"https:\/\/www.projetopuritano.com\/projetopuritano\/?page_id=3854#breadcrumb\",\"itemListElement\":[{\"@type\":\"ListItem\",\"position\":1,\"name\":\"In\u00edcio\",\"item\":\"https:\/\/www.projetopuritano.com\/projetopuritano\/\"},{\"@type\":\"ListItem\",\"position\":2,\"name\":\"My Account\"}]},{\"@type\":\"WebSite\",\"@id\":\"https:\/\/www.projetopuritano.com\/projetopuritano\/#website\",\"url\":\"https:\/\/www.projetopuritano.com\/projetopuritano\/\",\"name\":\"Projeto Puritano\",\"description\":\"\",\"publisher\":{\"@id\":\"https:\/\/www.projetopuritano.com\/projetopuritano\/#organization\"},\"potentialAction\":[{\"@type\":\"SearchAction\",\"target\":{\"@type\":\"EntryPoint\",\"urlTemplate\":\"https:\/\/www.projetopuritano.com\/projetopuritano\/?s={search_term_string}\"},\"query-input\":{\"@type\":\"PropertyValueSpecification\",\"valueRequired\":true,\"valueName\":\"search_term_string\"}}],\"inLanguage\":\"pt-BR\"},{\"@type\":\"Organization\",\"@id\":\"https:\/\/www.projetopuritano.com\/projetopuritano\/#organization\",\"name\":\"Projeto Puritano\",\"url\":\"https:\/\/www.projetopuritano.com\/projetopuritano\/\",\"logo\":{\"@type\":\"ImageObject\",\"inLanguage\":\"pt-BR\",\"@id\":\"https:\/\/www.projetopuritano.com\/projetopuritano\/#\/schema\/logo\/image\/\",\"url\":\"https:\/\/www.projetopuritano.com\/projetopuritano\/wp-content\/uploads\/2025\/02\/cropped-LOGO.png\",\"contentUrl\":\"https:\/\/www.projetopuritano.com\/projetopuritano\/wp-content\/uploads\/2025\/02\/cropped-LOGO.png\",\"width\":318,\"height\":105,\"caption\":\"Projeto Puritano\"},\"image\":{\"@id\":\"https:\/\/www.projetopuritano.com\/projetopuritano\/#\/schema\/logo\/image\/\"}}]}<\/script>\n<!-- \/ Yoast SEO plugin. -->","yoast_head_json":{"title":"My Account - Projeto Puritano","robots":{"index":"index","follow":"follow","max-snippet":"max-snippet:-1","max-image-preview":"max-image-preview:large","max-video-preview":"max-video-preview:-1"},"canonical":"https:\/\/www.projetopuritano.com\/projetopuritano\/?page_id=3854","og_locale":"pt_BR","og_type":"article","og_title":"My Account - Projeto Puritano","og_url":"https:\/\/www.projetopuritano.com\/projetopuritano\/?page_id=3854","og_site_name":"Projeto Puritano","twitter_card":"summary_large_image","schema":{"@context":"https:\/\/schema.org","@graph":[{"@type":"WebPage","@id":"https:\/\/www.projetopuritano.com\/projetopuritano\/?page_id=3854","url":"https:\/\/www.projetopuritano.com\/projetopuritano\/?page_id=3854","name":"My Account - Projeto Puritano","isPartOf":{"@id":"https:\/\/www.projetopuritano.com\/projetopuritano\/#website"},"datePublished":"2016-02-16T11:41:47+00:00","breadcrumb":{"@id":"https:\/\/www.projetopuritano.com\/projetopuritano\/?page_id=3854#breadcrumb"},"inLanguage":"pt-BR","potentialAction":[{"@type":"ReadAction","target":["https:\/\/www.projetopuritano.com\/projetopuritano\/?page_id=3854"]}]},{"@type":"BreadcrumbList","@id":"https:\/\/www.projetopuritano.com\/projetopuritano\/?page_id=3854#breadcrumb","itemListElement":[{"@type":"ListItem","position":1,"name":"In\u00edcio","item":"https:\/\/www.projetopuritano.com\/projetopuritano\/"},{"@type":"ListItem","position":2,"name":"My Account"}]},{"@type":"WebSite","@id":"https:\/\/www.projetopuritano.com\/projetopuritano\/#website","url":"https:\/\/www.projetopuritano.com\/projetopuritano\/","name":"Projeto Puritano","description":"","publisher":{"@id":"https:\/\/www.projetopuritano.com\/projetopuritano\/#organization"},"potentialAction":[{"@type":"SearchAction","target":{"@type":"EntryPoint","urlTemplate":"https:\/\/www.projetopuritano.com\/projetopuritano\/?s={search_term_string}"},"query-input":{"@type":"PropertyValueSpecification","valueRequired":true,"valueName":"search_term_string"}}],"inLanguage":"pt-BR"},{"@type":"Organization","@id":"https:\/\/www.projetopuritano.com\/projetopuritano\/#organization","name":"Projeto Puritano","url":"https:\/\/www.projetopuritano.com\/projetopuritano\/","logo":{"@type":"ImageObject","inLanguage":"pt-BR","@id":"https:\/\/www.projetopuritano.com\/projetopuritano\/#\/schema\/logo\/image\/","url":"https:\/\/www.projetopuritano.com\/projetopuritano\/wp-content\/uploads\/2025\/02\/cropped-LOGO.png","contentUrl":"https:\/\/www.projetopuritano.com\/projetopuritano\/wp-content\/uploads\/2025\/02\/cropped-LOGO.png","width":318,"height":105,"caption":"Projeto Puritano"},"image":{"@id":"https:\/\/www.projetopuritano.com\/projetopuritano\/#\/schema\/logo\/image\/"}}]}},"_links":{"self":[{"href":"https:\/\/www.projetopuritano.com\/projetopuritano\/index.php?rest_route=\/wp\/v2\/pages\/3854","targetHints":{"allow":["GET"]}}],"collection":[{"href":"https:\/\/www.projetopuritano.com\/projetopuritano\/index.php?rest_route=\/wp\/v2\/pages"}],"about":[{"href":"https:\/\/www.projetopuritano.com\/projetopuritano\/index.php?rest_route=\/wp\/v2\/types\/page"}],"author":[{"embeddable":true,"href":"https:\/\/www.projetopuritano.com\/projetopuritano\/index.php?rest_route=\/wp\/v2\/users\/1"}],"replies":[{"embeddable":true,"href":"https:\/\/www.projetopuritano.com\/projetopuritano\/index.php?rest_route=%2Fwp%2Fv2%2Fcomments&post=3854"}],"version-history":[{"count":0,"href":"https:\/\/www.projetopuritano.com\/projetopuritano\/index.php?rest_route=\/wp\/v2\/pages\/3854\/revisions"}],"wp:attachment":[{"href":"https:\/\/www.projetopuritano.com\/projetopuritano\/index.php?rest_route=%2Fwp%2Fv2%2Fmedia&parent=3854"}],"curies":[{"name":"wp","href":"https:\/\/api.w.org\/{rel}","templated":true}]}}