{"id":5452,"date":"2025-02-16T00:38:09","date_gmt":"2025-02-16T00:38:09","guid":{"rendered":"https:\/\/www.projetopuritano.com\/projetopuritano\/?post_type=product&#038;p=5452"},"modified":"2025-02-16T00:38:09","modified_gmt":"2025-02-16T00:38:09","slug":"uma-jornada-intima-e-profunda-pela-espiritualidade","status":"publish","type":"product","link":"https:\/\/www.projetopuritano.com\/projetopuritano\/?product=uma-jornada-intima-e-profunda-pela-espiritualidade","title":{"rendered":"Uma Jornada \u00cdntima e Profunda pela Espiritualidade"},"content":{"rendered":"<ol start=\"1\">\n<li><strong>Medita\u00e7\u00f5es Divinas e Contempla\u00e7\u00f5es Sagradas: Um Banquete para a Alma \u2013 Sabedoria e Consolo para o Crist\u00e3o<\/strong>\u00a0(por Richard Sibbes)<\/li>\n<\/ol>\n","protected":false},"excerpt":{"rendered":"<p>Medita\u00e7\u00f5es Divinas e Contempla\u00e7\u00f5es Sagradas: Um Banquete para a Alma \u2013 Sabedoria e Consolo para o Crist\u00e3o\u00a0(por Richard Sibbes)<\/p>\n","protected":false},"featured_media":5363,"comment_status":"open","ping_status":"closed","template":"","meta":{"_acf_changed":false},"product_brand":[],"product_cat":[246],"product_tag":[],"class_list":{"0":"post-5452","1":"product","2":"type-product","3":"status-publish","4":"has-post-thumbnail","6":"product_cat-historia-da-igreja","8":"first","9":"instock","10":"shipping-taxable","11":"product-type-simple"},"acf":[],"yoast_head":"<!-- This site is optimized with the Yoast SEO plugin v25.6 - https:\/\/yoast.com\/wordpress\/plugins\/seo\/ -->\n<title>Uma Jornada \u00cdntima e Profunda pela Espiritualidade - Projeto Puritano<\/title>\n<meta name=\"robots\" content=\"index, follow, max-snippet:-1, max-image-preview:large, max-video-preview:-1\" \/>\n<link rel=\"canonical\" href=\"https:\/\/www.projetopuritano.com\/projetopuritano\/?product=uma-jornada-intima-e-profunda-pela-espiritualidade\" \/>\n<meta property=\"og:locale\" content=\"pt_BR\" \/>\n<meta property=\"og:type\" content=\"article\" \/>\n<meta property=\"og:title\" content=\"Uma Jornada \u00cdntima e Profunda pela Espiritualidade - Projeto Puritano\" \/>\n<meta property=\"og:description\" content=\"Medita\u00e7\u00f5es Divinas e Contempla\u00e7\u00f5es Sagradas: Um Banquete para a Alma \u2013 Sabedoria e Consolo para o Crist\u00e3o\u00a0(por Richard Sibbes)\" \/>\n<meta property=\"og:url\" content=\"https:\/\/www.projetopuritano.com\/projetopuritano\/?product=uma-jornada-intima-e-profunda-pela-espiritualidade\" \/>\n<meta property=\"og:site_name\" content=\"Projeto Puritano\" \/>\n<meta property=\"og:image\" content=\"https:\/\/www.projetopuritano.com\/projetopuritano\/wp-content\/uploads\/2016\/03\/10-576x1024.png\" \/>\n\t<meta property=\"og:image:width\" content=\"576\" \/>\n\t<meta property=\"og:image:height\" content=\"1024\" \/>\n\t<meta property=\"og:image:type\" content=\"image\/png\" \/>\n<meta name=\"twitter:card\" content=\"summary_large_image\" \/>\n<meta name=\"twitter:label1\" content=\"Est. tempo de leitura\" \/>\n\t<meta name=\"twitter:data1\" content=\"1 minuto\" \/>\n<script type=\"application\/ld+json\" class=\"yoast-schema-graph\">{\"@context\":\"https:\/\/schema.org\",\"@graph\":[{\"@type\":\"WebPage\",\"@id\":\"https:\/\/www.projetopuritano.com\/projetopuritano\/?product=uma-jornada-intima-e-profunda-pela-espiritualidade\",\"url\":\"https:\/\/www.projetopuritano.com\/projetopuritano\/?product=uma-jornada-intima-e-profunda-pela-espiritualidade\",\"name\":\"Uma Jornada \u00cdntima e Profunda pela Espiritualidade - Projeto Puritano\",\"isPartOf\":{\"@id\":\"https:\/\/www.projetopuritano.com\/projetopuritano\/#website\"},\"primaryImageOfPage\":{\"@id\":\"https:\/\/www.projetopuritano.com\/projetopuritano\/?product=uma-jornada-intima-e-profunda-pela-espiritualidade#primaryimage\"},\"image\":{\"@id\":\"https:\/\/www.projetopuritano.com\/projetopuritano\/?product=uma-jornada-intima-e-profunda-pela-espiritualidade#primaryimage\"},\"thumbnailUrl\":\"https:\/\/www.projetopuritano.com\/projetopuritano\/wp-content\/uploads\/2016\/03\/10.png\",\"datePublished\":\"2025-02-16T00:38:09+00:00\",\"breadcrumb\":{\"@id\":\"https:\/\/www.projetopuritano.com\/projetopuritano\/?product=uma-jornada-intima-e-profunda-pela-espiritualidade#breadcrumb\"},\"inLanguage\":\"pt-BR\",\"potentialAction\":[{\"@type\":\"ReadAction\",\"target\":[\"https:\/\/www.projetopuritano.com\/projetopuritano\/?product=uma-jornada-intima-e-profunda-pela-espiritualidade\"]}]},{\"@type\":\"ImageObject\",\"inLanguage\":\"pt-BR\",\"@id\":\"https:\/\/www.projetopuritano.com\/projetopuritano\/?product=uma-jornada-intima-e-profunda-pela-espiritualidade#primaryimage\",\"url\":\"https:\/\/www.projetopuritano.com\/projetopuritano\/wp-content\/uploads\/2016\/03\/10.png\",\"contentUrl\":\"https:\/\/www.projetopuritano.com\/projetopuritano\/wp-content\/uploads\/2016\/03\/10.png\",\"width\":1080,\"height\":1920},{\"@type\":\"BreadcrumbList\",\"@id\":\"https:\/\/www.projetopuritano.com\/projetopuritano\/?product=uma-jornada-intima-e-profunda-pela-espiritualidade#breadcrumb\",\"itemListElement\":[{\"@type\":\"ListItem\",\"position\":1,\"name\":\"In\u00edcio\",\"item\":\"https:\/\/www.projetopuritano.com\/projetopuritano\/\"},{\"@type\":\"ListItem\",\"position\":2,\"name\":\"Shop\",\"item\":\"https:\/\/www.projetopuritano.com\/projetopuritano\/?page_id=3853\"},{\"@type\":\"ListItem\",\"position\":3,\"name\":\"Uma Jornada \u00cdntima e Profunda pela Espiritualidade\"}]},{\"@type\":\"WebSite\",\"@id\":\"https:\/\/www.projetopuritano.com\/projetopuritano\/#website\",\"url\":\"https:\/\/www.projetopuritano.com\/projetopuritano\/\",\"name\":\"Projeto Puritano\",\"description\":\"\",\"publisher\":{\"@id\":\"https:\/\/www.projetopuritano.com\/projetopuritano\/#organization\"},\"potentialAction\":[{\"@type\":\"SearchAction\",\"target\":{\"@type\":\"EntryPoint\",\"urlTemplate\":\"https:\/\/www.projetopuritano.com\/projetopuritano\/?s={search_term_string}\"},\"query-input\":{\"@type\":\"PropertyValueSpecification\",\"valueRequired\":true,\"valueName\":\"search_term_string\"}}],\"inLanguage\":\"pt-BR\"},{\"@type\":\"Organization\",\"@id\":\"https:\/\/www.projetopuritano.com\/projetopuritano\/#organization\",\"name\":\"Projeto Puritano\",\"url\":\"https:\/\/www.projetopuritano.com\/projetopuritano\/\",\"logo\":{\"@type\":\"ImageObject\",\"inLanguage\":\"pt-BR\",\"@id\":\"https:\/\/www.projetopuritano.com\/projetopuritano\/#\/schema\/logo\/image\/\",\"url\":\"https:\/\/www.projetopuritano.com\/projetopuritano\/wp-content\/uploads\/2025\/02\/cropped-LOGO.png\",\"contentUrl\":\"https:\/\/www.projetopuritano.com\/projetopuritano\/wp-content\/uploads\/2025\/02\/cropped-LOGO.png\",\"width\":318,\"height\":105,\"caption\":\"Projeto Puritano\"},\"image\":{\"@id\":\"https:\/\/www.projetopuritano.com\/projetopuritano\/#\/schema\/logo\/image\/\"}}]}<\/script>\n<!-- \/ Yoast SEO plugin. -->","yoast_head_json":{"title":"Uma Jornada \u00cdntima e Profunda pela Espiritualidade - Projeto Puritano","robots":{"index":"index","follow":"follow","max-snippet":"max-snippet:-1","max-image-preview":"max-image-preview:large","max-video-preview":"max-video-preview:-1"},"canonical":"https:\/\/www.projetopuritano.com\/projetopuritano\/?product=uma-jornada-intima-e-profunda-pela-espiritualidade","og_locale":"pt_BR","og_type":"article","og_title":"Uma Jornada \u00cdntima e Profunda pela Espiritualidade - Projeto Puritano","og_description":"Medita\u00e7\u00f5es Divinas e Contempla\u00e7\u00f5es Sagradas: Um Banquete para a Alma \u2013 Sabedoria e Consolo para o Crist\u00e3o\u00a0(por Richard Sibbes)","og_url":"https:\/\/www.projetopuritano.com\/projetopuritano\/?product=uma-jornada-intima-e-profunda-pela-espiritualidade","og_site_name":"Projeto Puritano","og_image":[{"width":576,"height":1024,"url":"https:\/\/www.projetopuritano.com\/projetopuritano\/wp-content\/uploads\/2016\/03\/10-576x1024.png","type":"image\/png"}],"twitter_card":"summary_large_image","twitter_misc":{"Est. tempo de leitura":"1 minuto"},"schema":{"@context":"https:\/\/schema.org","@graph":[{"@type":"WebPage","@id":"https:\/\/www.projetopuritano.com\/projetopuritano\/?product=uma-jornada-intima-e-profunda-pela-espiritualidade","url":"https:\/\/www.projetopuritano.com\/projetopuritano\/?product=uma-jornada-intima-e-profunda-pela-espiritualidade","name":"Uma Jornada \u00cdntima e Profunda pela Espiritualidade - Projeto Puritano","isPartOf":{"@id":"https:\/\/www.projetopuritano.com\/projetopuritano\/#website"},"primaryImageOfPage":{"@id":"https:\/\/www.projetopuritano.com\/projetopuritano\/?product=uma-jornada-intima-e-profunda-pela-espiritualidade#primaryimage"},"image":{"@id":"https:\/\/www.projetopuritano.com\/projetopuritano\/?product=uma-jornada-intima-e-profunda-pela-espiritualidade#primaryimage"},"thumbnailUrl":"https:\/\/www.projetopuritano.com\/projetopuritano\/wp-content\/uploads\/2016\/03\/10.png","datePublished":"2025-02-16T00:38:09+00:00","breadcrumb":{"@id":"https:\/\/www.projetopuritano.com\/projetopuritano\/?product=uma-jornada-intima-e-profunda-pela-espiritualidade#breadcrumb"},"inLanguage":"pt-BR","potentialAction":[{"@type":"ReadAction","target":["https:\/\/www.projetopuritano.com\/projetopuritano\/?product=uma-jornada-intima-e-profunda-pela-espiritualidade"]}]},{"@type":"ImageObject","inLanguage":"pt-BR","@id":"https:\/\/www.projetopuritano.com\/projetopuritano\/?product=uma-jornada-intima-e-profunda-pela-espiritualidade#primaryimage","url":"https:\/\/www.projetopuritano.com\/projetopuritano\/wp-content\/uploads\/2016\/03\/10.png","contentUrl":"https:\/\/www.projetopuritano.com\/projetopuritano\/wp-content\/uploads\/2016\/03\/10.png","width":1080,"height":1920},{"@type":"BreadcrumbList","@id":"https:\/\/www.projetopuritano.com\/projetopuritano\/?product=uma-jornada-intima-e-profunda-pela-espiritualidade#breadcrumb","itemListElement":[{"@type":"ListItem","position":1,"name":"In\u00edcio","item":"https:\/\/www.projetopuritano.com\/projetopuritano\/"},{"@type":"ListItem","position":2,"name":"Shop","item":"https:\/\/www.projetopuritano.com\/projetopuritano\/?page_id=3853"},{"@type":"ListItem","position":3,"name":"Uma Jornada \u00cdntima e Profunda pela Espiritualidade"}]},{"@type":"WebSite","@id":"https:\/\/www.projetopuritano.com\/projetopuritano\/#website","url":"https:\/\/www.projetopuritano.com\/projetopuritano\/","name":"Projeto Puritano","description":"","publisher":{"@id":"https:\/\/www.projetopuritano.com\/projetopuritano\/#organization"},"potentialAction":[{"@type":"SearchAction","target":{"@type":"EntryPoint","urlTemplate":"https:\/\/www.projetopuritano.com\/projetopuritano\/?s={search_term_string}"},"query-input":{"@type":"PropertyValueSpecification","valueRequired":true,"valueName":"search_term_string"}}],"inLanguage":"pt-BR"},{"@type":"Organization","@id":"https:\/\/www.projetopuritano.com\/projetopuritano\/#organization","name":"Projeto Puritano","url":"https:\/\/www.projetopuritano.com\/projetopuritano\/","logo":{"@type":"ImageObject","inLanguage":"pt-BR","@id":"https:\/\/www.projetopuritano.com\/projetopuritano\/#\/schema\/logo\/image\/","url":"https:\/\/www.projetopuritano.com\/projetopuritano\/wp-content\/uploads\/2025\/02\/cropped-LOGO.png","contentUrl":"https:\/\/www.projetopuritano.com\/projetopuritano\/wp-content\/uploads\/2025\/02\/cropped-LOGO.png","width":318,"height":105,"caption":"Projeto Puritano"},"image":{"@id":"https:\/\/www.projetopuritano.com\/projetopuritano\/#\/schema\/logo\/image\/"}}]}},"_links":{"self":[{"href":"https:\/\/www.projetopuritano.com\/projetopuritano\/index.php?rest_route=\/wp\/v2\/product\/5452","targetHints":{"allow":["GET"]}}],"collection":[{"href":"https:\/\/www.projetopuritano.com\/projetopuritano\/index.php?rest_route=\/wp\/v2\/product"}],"about":[{"href":"https:\/\/www.projetopuritano.com\/projetopuritano\/index.php?rest_route=\/wp\/v2\/types\/product"}],"replies":[{"embeddable":true,"href":"https:\/\/www.projetopuritano.com\/projetopuritano\/index.php?rest_route=%2Fwp%2Fv2%2Fcomments&post=5452"}],"wp:featuredmedia":[{"embeddable":true,"href":"https:\/\/www.projetopuritano.com\/projetopuritano\/index.php?rest_route=\/wp\/v2\/media\/5363"}],"wp:attachment":[{"href":"https:\/\/www.projetopuritano.com\/projetopuritano\/index.php?rest_route=%2Fwp%2Fv2%2Fmedia&parent=5452"}],"wp:term":[{"taxonomy":"product_brand","embeddable":true,"href":"https:\/\/www.projetopuritano.com\/projetopuritano\/index.php?rest_route=%2Fwp%2Fv2%2Fproduct_brand&post=5452"},{"taxonomy":"product_cat","embeddable":true,"href":"https:\/\/www.projetopuritano.com\/projetopuritano\/index.php?rest_route=%2Fwp%2Fv2%2Fproduct_cat&post=5452"},{"taxonomy":"product_tag","embeddable":true,"href":"https:\/\/www.projetopuritano.com\/projetopuritano\/index.php?rest_route=%2Fwp%2Fv2%2Fproduct_tag&post=5452"}],"curies":[{"name":"wp","href":"https:\/\/api.w.org\/{rel}","templated":true}]}}